{"id":186,"date":"2016-06-29T22:10:07","date_gmt":"2016-06-29T20:10:07","guid":{"rendered":"http:\/\/www.vdctelecom.com\/wordpress\/?page_id=186"},"modified":"2021-03-21T16:06:40","modified_gmt":"2021-03-21T16:06:40","slug":"autres-solutions","status":"publish","type":"page","link":"https:\/\/www.vdctelecom.com\/index.php\/autres-solutions\/","title":{"rendered":"Solutions Haute Valeur"},"content":{"rendered":"<h1 class=\"yiv1413612832MsoNormal\"><strong><span style=\"color: #56ae00;\">Votre solutions \u00e0 haute valeur<\/span><\/strong><\/h1>\n<p id=\"yui_3_16_0_ym19_1_1467458489788_15703\" class=\"yiv1413612832MsoNormal\"><span id=\"yui_3_16_0_ym19_1_1467458489788_15705\">Nos Services \u00e0 Valeurs Ajout\u00e9es boostent la performance de votre entreprise !<\/span><\/p>\n<p class=\"yiv1413612832MsoNormal\"><img loading=\"lazy\" class=\"wp-image-281 aligncenter\" src=\"http:\/\/www.vdctelecom.com\/wp-content\/uploads\/2016\/06\/image002-e1468595021666.png\" alt=\"image002\" width=\"653\" height=\"220\" \/><\/p>\n<p id=\"yui_3_16_0_ym19_1_1467458489788_15700\" class=\"yiv1413612832MsoNormal\"><span id=\"yui_3_16_0_ym19_1_1467458489788_15699\">Dans le cadre \u00e0 rationaliser, s\u00e9curiser et g\u00e9rer les architectures syst\u00e8mes, r\u00e9seaux et applicatives, tout en examinant \u00e0 optimiser les co\u00fbts d\u2019exploitation.<\/span><\/p>\n<h3 id=\"yui_3_16_0_ym19_1_1467458489788_15721\" class=\"yiv1413612832MsoNormal\"><strong><span id=\"yui_3_16_0_ym19_1_1467458489788_15723\" style=\"color: #ff6600;\"><span style=\"color: #56ae00;\">VDC|Telecom {+}<\/span> propose des solutions compl\u00e8tes :<\/span><\/strong><\/h3>\n<ul>\n<li id=\"yui_3_16_0_ym19_1_1467458489788_15728\" class=\"yiv1413612832MsoListParagraphCxSpFirst\">La fourniture et la mise en \u0153uvre de produits et de services d\u2019infrastructure,<\/li>\n<li id=\"yui_3_16_0_ym19_1_1467458489788_15731\" class=\"yiv1413612832MsoListParagraphCxSpMiddle\"><span id=\"yui_3_16_0_ym19_1_1467458489788_15730\">Les services \u00e0 haute valeur ajout\u00e9e, incluant le conseil, l\u2019int\u00e9gration de syst\u00e8mes, et l\u2019infog\u00e9rance,<\/span><\/li>\n<li class=\"yiv1413612832MsoListParagraphCxSpLast\">Les services de support, d\u2019exploitation et de maintenance pour les plates-formes, les syst\u00e8mes de stockage et les applications.<\/li>\n<\/ul>\n<h3><span style=\"color: #ff6600;\"><b>Syst\u00e8mes Critiques<\/b><\/span><\/h3>\n<p class=\"yiv1413612832MsoNormal\"><span style=\"color: #56ae00;\"><strong>VDC|Telecom {+}<\/strong><\/span> con\u00e7oit et met en \u0153uvre des architectures hautement disponibles, performantes et adapt\u00e9es aux besoins de l\u2019entreprise :<\/p>\n<ul>\n<li class=\"yiv1413612832MsoNormal\">Haute disponibilit\u00e9 : Architectures redondantes et hautement disponibles, pr\u00e9vention et anticipation des d\u00e9faillances,<\/li>\n<li class=\"yiv1413612832MsoNormal\">Mise en cluster,<\/li>\n<li class=\"yiv1413612832MsoNormal\"><span lang=\"EN-CA\">Stockage NAS (Network Attached Storage) et SAN (Storage Area Network) et virtualisation,<\/span><\/li>\n<li class=\"yiv1413612832MsoNormal\">Archivage et Sauvegarde des donn\u00e9es de production, int\u00e9gration avec les applications et bases de donn\u00e9es,<\/li>\n<li class=\"yiv1413612832MsoNormal\">Consolidation et Virtualisation des syst\u00e8mes de traitement et de stockage.<\/li>\n<\/ul>\n<h3><span style=\"color: #ff6600;\"><b>Supervision et Administration<\/b><\/span><\/h3>\n<p class=\"yiv1413612832MsoNormal\"><span style=\"color: #56ae00;\"><strong>VDC|Telecom {+}<\/strong><\/span> offre des solutions d\u2019administration et de supervision du r\u00e9seau, des syst\u00e8mes, des applications (bases de donn\u00e9es, messagerie, ERP,\u2026) et des postes de travail (PC, clients l\u00e9gers, imprimantes,\u2026) :<\/p>\n<ul>\n<li class=\"yiv1413612832MsoNormal\">Gestion de performances,<\/li>\n<li class=\"yiv1413612832MsoNormal\">Gestion des alarmes et corr\u00e9lation d\u2019\u00e9v\u00e8nement,<\/li>\n<li class=\"yiv1413612832MsoNormal\">Qualit\u00e9 de services,<\/li>\n<li class=\"yiv1413612832MsoNormal\">Supervision des processus m\u00e9tiers,<\/li>\n<li class=\"yiv1413612832MsoNormal\">Ordonnancement et automatisation.<\/li>\n<\/ul>\n<h3><span style=\"color: #ff6600;\"><b>R\u00e9seaux d&rsquo;Entreprise<\/b><\/span><\/h3>\n<p class=\"yiv1413612832MsoNormal\">Les solutions propos\u00e9es r\u00e9pondent \u00e0 l&rsquo;ensemble des besoins de l&rsquo;entreprise : communications \u00e0 haut d\u00e9bits, infrastructures sans fil, r\u00e9seaux virtuels priv\u00e9s, raccordement des itin\u00e9rants\u2026<\/p>\n<ul>\n<li class=\"yiv1413612832MsoNormal\">D\u00e9ploiement r\u00e9seaux (LAN, WAN),<\/li>\n<li class=\"yiv1413612832MsoNormal\">Acc\u00e9l\u00e9ration applicative et Optimisation WAN<\/li>\n<li class=\"yiv1413612832MsoNormal\">Gestion de la qualit\u00e9 de services et priorisation des flux,<\/li>\n<li class=\"yiv1413612832MsoNormal\">Ma\u00eetrise d\u2019\u0153uvre (c\u00e2blage, Infrastructure et Supervision).<\/li>\n<\/ul>\n<h3><span style=\"color: #ff6600;\"><b>S\u00e9curit\u00e9<\/b><\/span><\/h3>\n<p id=\"yui_3_16_0_ym19_1_1467458489788_15670\" class=\"yiv1413612832MsoNormal\"><span id=\"yui_3_16_0_ym19_1_1467458489788_15669\"><span style=\"color: #56ae00;\"><strong>VDC|Telecom {+}<\/strong><\/span> prend en compte les contraintes techniques et fonctionnelles pour cr\u00e9er un p\u00e9rim\u00e8tre de s\u00e9curit\u00e9 renforc\u00e9e :<\/span><\/p>\n<ul>\n<li id=\"yui_3_16_0_ym19_1_1467458489788_15674\" class=\"yiv1413612832MsoNormal\"><span id=\"yui_3_16_0_ym19_1_1467458489788_15676\">La s\u00e9curit\u00e9 d&rsquo;acc\u00e8s: Firewall, NAC, sonde de d\u00e9tection d&rsquo;intrusion, VPN, authentification forte,\u2026<\/span><\/li>\n<li id=\"yui_3_16_0_ym19_1_1467458489788_15679\" class=\"yiv1413612832MsoNormal\"><span id=\"yui_3_16_0_ym19_1_1467458489788_15678\">La s\u00e9curit\u00e9 du contenu: Antivirus, filtrage de contenu et d&rsquo;URL\u2026,\u2026,<\/span><\/li>\n<\/ul>\n<h3><span style=\"color: #ff6600;\"><b>Services \u00e0 Haute Valeur Ajout\u00e9e<\/b><\/span><\/h3>\n<p id=\"yui_3_16_0_ym19_1_1467458489788_15681\" class=\"yiv1413612832MsoNormal\"><span id=\"yui_3_16_0_ym19_1_1467458489788_15683\"><span style=\"color: #56ae00;\"><strong>VDC|Telecom {+}<\/strong><\/span> propose des services \u00e0 haute valeur ajout\u00e9e, souples et adaptatifs :<\/span><\/p>\n<ul>\n<li id=\"yui_3_16_0_ym19_1_1467458489788_15685\" class=\"yiv1413612832MsoNormal\"><span id=\"yui_3_16_0_ym19_1_1467458489788_15687\">Conseil en architectures de syst\u00e8mes d\u2019information,<\/span><\/li>\n<li id=\"yui_3_16_0_ym19_1_1467458489788_15664\" class=\"yiv1413612832MsoNormal\"><span id=\"yui_3_16_0_ym19_1_1467458489788_15740\">Audit syst\u00e8me et r\u00e9seaux,<\/span><\/li>\n<li id=\"yui_3_16_0_ym19_1_1467458489788_15738\" class=\"yiv1413612832MsoNormal\"><span id=\"yui_3_16_0_ym19_1_1467458489788_15737\">Int\u00e9gration des applications et syst\u00e8mes,<\/span><\/li>\n<li id=\"yui_3_16_0_ym19_1_1467458489788_15689\" class=\"yiv1413612832MsoNormal\">Infog\u00e9rance,<\/li>\n<li class=\"yiv1413612832MsoNormal\">Gestion de projets,<\/li>\n<li id=\"yui_3_16_0_ym19_1_1467458489788_15660\" class=\"yiv1413612832MsoNormal\">D\u00e9ploiement et support,<\/li>\n<li id=\"yui_3_16_0_ym19_1_1467458489788_15658\" class=\"yiv1413612832MsoNormal\">Assistance et formation.<\/li>\n<\/ul>\n<p id=\"yui_3_16_0_ym19_1_1467458489788_15654\" class=\"yiv1413612832MsoNormal\"><span id=\"yui_3_16_0_ym19_1_1467458489788_15653\">Un service exceptionnel, c\u2019est notre priorit\u00e9 a <span style=\"color: #56ae00;\"><strong>VDC|Telecom {+}.<\/strong><\/span><\/span><\/p>\n<h2><a href=\"http:\/\/www.vdctelecom.com\/index.php\/contacts\/\" target=\"_blank\" rel=\"noopener\"><img loading=\"lazy\" class=\"wp-image-758 aligncenter\" src=\"http:\/\/www.vdctelecom.com\/wp-content\/uploads\/2016\/04\/cliquerici00-1.png\" alt=\"cliquerici00\" width=\"587\" height=\"69\" srcset=\"https:\/\/www.vdctelecom.com\/wp-content\/uploads\/2016\/04\/cliquerici00-1.png 889w, https:\/\/www.vdctelecom.com\/wp-content\/uploads\/2016\/04\/cliquerici00-1-300x35.png 300w, https:\/\/www.vdctelecom.com\/wp-content\/uploads\/2016\/04\/cliquerici00-1-250x30.png 250w, https:\/\/www.vdctelecom.com\/wp-content\/uploads\/2016\/04\/cliquerici00-1-150x18.png 150w\" sizes=\"(max-width: 587px) 100vw, 587px\" \/><\/a><\/h2>\n<h2><\/h2>\n<p>&nbsp;<\/p>\n<h2><\/h2>\n<p>&nbsp;<\/p>\n<p>&nbsp;<\/p>\n","protected":false},"excerpt":{"rendered":"<p>Votre solutions \u00e0 haute valeur Nos Services \u00e0 Valeurs Ajout\u00e9es boostent la performance de votre entreprise ! Dans le cadre \u00e0 rationaliser, s\u00e9curiser et g\u00e9rer les architectures syst\u00e8mes, r\u00e9seaux et applicatives, tout en examinant \u00e0 optimiser les co\u00fbts d\u2019exploitation. VDC|Telecom {+} propose des solutions compl\u00e8tes : La fourniture et la \u2026 <a class=\"continue-reading-link\" href=\"https:\/\/www.vdctelecom.com\/index.php\/autres-solutions\/\">Commander le produit <span class=\"meta-nav\">&rarr; <\/span><\/a><\/p>\n","protected":false},"author":1,"featured_media":866,"parent":0,"menu_order":0,"comment_status":"closed","ping_status":"closed","template":"","meta":[],"amp_validity":null,"amp_enabled":true,"_links":{"self":[{"href":"https:\/\/www.vdctelecom.com\/index.php\/wp-json\/wp\/v2\/pages\/186"}],"collection":[{"href":"https:\/\/www.vdctelecom.com\/index.php\/wp-json\/wp\/v2\/pages"}],"about":[{"href":"https:\/\/www.vdctelecom.com\/index.php\/wp-json\/wp\/v2\/types\/page"}],"author":[{"embeddable":true,"href":"https:\/\/www.vdctelecom.com\/index.php\/wp-json\/wp\/v2\/users\/1"}],"replies":[{"embeddable":true,"href":"https:\/\/www.vdctelecom.com\/index.php\/wp-json\/wp\/v2\/comments?post=186"}],"version-history":[{"count":0,"href":"https:\/\/www.vdctelecom.com\/index.php\/wp-json\/wp\/v2\/pages\/186\/revisions"}],"wp:featuredmedia":[{"embeddable":true,"href":"https:\/\/www.vdctelecom.com\/index.php\/wp-json\/wp\/v2\/media\/866"}],"wp:attachment":[{"href":"https:\/\/www.vdctelecom.com\/index.php\/wp-json\/wp\/v2\/media?parent=186"}],"curies":[{"name":"wp","href":"https:\/\/api.w.org\/{rel}","templated":true}]}}