{"id":31,"date":"2016-04-16T03:20:52","date_gmt":"2016-04-16T01:20:52","guid":{"rendered":"http:\/\/www.vdctelecom.com\/wordpress\/?page_id=31"},"modified":"2017-05-23T13:37:09","modified_gmt":"2017-05-23T13:37:09","slug":"presentation","status":"publish","type":"page","link":"https:\/\/www.vdctelecom.com\/index.php\/presentation\/","title":{"rendered":"Pr\u00e9sentation"},"content":{"rendered":"<h1 style=\"text-align: justify;\"><strong><span style=\"color: #56ae00;\">Pr\u00e9sentation<\/span><\/strong><\/h1>\n<p style=\"text-align: justify;\"><span style=\"color: #000000;\">Sp\u00e9cialiste incontournable , <span style=\"color: #56ae00;\"><strong><span id=\"yui_3_16_0_ym19_1_1467458489788_15723\">VDC|Telecom {+}<\/span><\/strong> <\/span>est une entreprise de t\u00e9l\u00e9communication nationale qui offre des services d\u2019acc\u00e8s internet haute vitesse, de t\u00e9l\u00e9phonie et de t\u00e9l\u00e9vision \u00e0 des tarifs concurrentiels en R\u00e9publique de Guin\u00e9e depuis 2008.<\/span><\/p>\n<p style=\"text-align: justify;\"><span style=\"color: #000000;\">Notre mission premi\u00e8re est de fournir \u00e0 nos clients un acc\u00e8s fiable et de grande qualit\u00e9 aux nouvelles technologies de t\u00e9l\u00e9communication ainsi que tout autre service d\u2019interconnexion gr\u00e2ce aux innovations bas\u00e9es sur IP (Internet Protocol).<\/span><\/p>\n<h2 style=\"text-align: justify;\"><span style=\"color: #ff6600;\"><b id=\"yui_3_16_0_ym19_1_1467507552955_10955\"><span id=\"yui_3_16_0_ym19_1_1467507552955_10954\">Qui \u00eates-vous ?<\/span><\/b><\/span><\/h2>\n<p id=\"yui_3_16_0_ym19_1_1467507552955_10945\" class=\"yiv8580347925MsoNormal\"><span style=\"color: #000000;\">Collectivit\u00e9 locale et institution publique, banque, universit\u00e9, compagnie mini\u00e8re, restaurant, pub, centre commercial, stade, centre des congr\u00e8s, parc expo, h\u00f4tel, Sant\u00e9, entreprise, op\u00e9rateur, FAI et partenaire technologique, etc\u2026.<\/span><\/p>\n<p id=\"yui_3_16_0_ym19_1_1467507552955_10940\" class=\"yiv8580347925MsoNormal\"><span id=\"yui_3_16_0_ym19_1_1495545095482_5080\">Nous sommes l\u00e0 pour vous servir et vous pr\u00e9senter la meilleure solution innovante.<\/span><\/p>\n<p id=\"yui_3_16_0_ym19_1_1467507552955_10943\" class=\"yiv8580347925MsoNormal\"><span style=\"color: #000000;\"><span style=\"color: #56ae00;\"><strong>VDC|T\u00e9l\u00e9com {+}<\/strong> <\/span>est l\u2019op\u00e9rateur de <a href=\"http:\/\/www.vdctelecom.com\/index.php\/internet\/\" target=\"_blank\">solutions<\/a>\u00a0 FTTH, PtP <a href=\"http:\/\/www.vdctelecom.com\/index.php\/internet\/fibre\/\" target=\"_blank\">fibre<\/a> ou sans-fils, <a href=\"http:\/\/www.vdctelecom.com\/index.php\/internet\/wimax\/\" target=\"_blank\">WiMax<\/a>, <a href=\"http:\/\/www.vdctelecom.com\/index.php\/liaison-specialisee\/\" target=\"_blank\">Liaison Sp\u00e9cialis\u00e9e<\/a>, couverture <a href=\"http:\/\/www.vdctelecom.com\/index.php\/wi-fi\/\" target=\"_blank\">Wifi<\/a>, <a href=\"http:\/\/www.vdctelecom.com\/index.php\/telephonie-ip\/\" target=\"_blank\">T\u00e9l\u00e9phonie IP<\/a> et <a href=\"http:\/\/www.vdctelecom.com\/index.php\/ip-tv\/\" target=\"_blank\">T\u00e9l\u00e9vision IP<\/a>.<\/span><\/p>\n<p id=\"yui_3_16_0_ym19_1_1467507552955_10959\" class=\"yiv8580347925MsoNormal\"><span style=\"color: #000000;\">Notre offre \u00ab cl\u00e9 en main \u00bb int\u00e8gre la mise en place de r\u00e9seaux d\u00e9di\u00e9s, \u00e9volutifs, de haute performance, et l\u2019exploitation de bout en bout de ces r\u00e9seaux.<\/span><\/p>\n<h3 id=\"yui_3_16_0_ym19_1_1467507552955_10961\" class=\"yiv8580347925MsoNormal\" style=\"text-align: left;\"><span style=\"color: #ff6600;\"><b id=\"yui_3_16_0_ym19_1_1467507552955_10980\"><span id=\"yui_3_16_0_ym19_1_1467507552955_10979\">Nos Points Forts<\/span><\/b><\/span><\/h3>\n<h3 id=\"yui_3_16_0_ym19_1_1467507552955_10964\" class=\"yiv8580347925MsoNormal\"><span style=\"color: #000000;\"><img loading=\"lazy\" class=\" wp-image-306 alignleft\" src=\"http:\/\/www.vdctelecom.com\/wp-content\/uploads\/2016\/04\/image013.png\" alt=\"image013\" width=\"81\" height=\"81\" \/><\/span><span style=\"color: #000000;\">\u00a0<span style=\"color: #ff6600;\"><strong>Proche<\/strong><\/span><\/span><\/h3>\n<p class=\"yiv8580347925MsoNormal\"><span style=\"color: #000000;\">En cas de panne nos techniciens se d\u00e9placent en peu de temps.<\/span><\/p>\n<hr \/>\n<h3 class=\"yiv8580347925MsoNormal\"><span style=\"color: #000000;\">\u00a0\u00a0<img loading=\"lazy\" class=\"wp-image-304 alignleft\" src=\"http:\/\/www.vdctelecom.com\/wp-content\/uploads\/2016\/04\/image007.png\" alt=\"image007\" width=\"81\" height=\"81\" \/>\u00a0<strong>\u00a0 <span style=\"color: #ff6600;\">Adapt\u00e9<\/span><\/strong><\/span><\/h3>\n<p class=\"yiv8580347925MsoNormal\"><span style=\"color: #000000;\">Nous vous proposons des solutions qui correspondent \u00e0 vos besoins techniques et financiers.<\/span><\/p>\n<hr \/>\n<p id=\"yui_3_16_0_ym19_1_1467507552955_11005\" class=\"yiv8580347925MsoNormal\"><img loading=\"lazy\" class=\"wp-image-305 alignleft\" src=\"http:\/\/www.vdctelecom.com\/wp-content\/uploads\/2016\/04\/image008.png\" alt=\"image008\" width=\"81\" height=\"81\" \/><\/p>\n<h3 id=\"yui_3_16_0_ym19_1_1467507552955_11007\" class=\"yiv8580347925MsoNormal\"><span style=\"color: #000000;\">\u00a0\u00a0<span style=\"color: #ff6600;\"><strong>\u00a0Innovant<\/strong><\/span><\/span><\/h3>\n<p class=\"yiv8580347925MsoNormal\"><span style=\"color: #000000;\">Nos sp\u00e9cialistes \u00e9prouvent les nouvelles technologies pour vous proposer des solutions toujours plus adapt\u00e9es \u00e0 vos besoins.<\/span><\/p>\n<hr \/>\n<h2 id=\"yui_3_16_0_ym19_1_1467507552955_11011\" class=\"yiv8580347925MsoNormal\" style=\"text-align: left;\"><span style=\"color: #ff6600;\"><b>Culture d\u2019entreprise<\/b><\/span><\/h2>\n<ul>\n<li class=\"yiv8580347925MsoNormal\"><span style=\"color: #000000;\">\u00c9tablir une relation de proximit\u00e9 avec nos clients est notre pr\u00e9occupation permanente.<\/span><\/li>\n<li class=\"yiv8580347925MsoNormal\"><span style=\"color: #000000;\">\u00a0Nous prenons \u00e0 c\u0153ur les besoins exprim\u00e9s par nos clients et misons sur des services innovants, aux tarifications mensuelles adapt\u00e9es \u00e0 la typologie d\u2019usage et orient\u00e9s sur le d\u00e9veloppement des solutions de connectivit\u00e9 nomade.<\/span><\/li>\n<li id=\"yui_3_16_0_ym19_1_1467507552955_10994\" class=\"yiv8580347925MsoListParagraphCxSpMiddle\"><span style=\"color: #000000;\">\u00a0Nous avons conscience que notre d\u00e9veloppement d\u00e9pend de la r\u00e9elle plus-value des services et solutions que nous proposons \u00e0 nos clients.<\/span><\/li>\n<li id=\"yui_3_16_0_ym19_1_1467507552955_10992\" class=\"yiv8580347925MsoListParagraphCxSpLast\"><span style=\"color: #000000;\">Notre objectif final est la satisfaction de nos clients tant au niveau de la qualit\u00e9 de service qu\u2019au niveau de la relation client que nous nous effor\u00e7ons d\u2019am\u00e9liorer sans cesse. Chez <span style=\"color: #56ae00;\"><strong>VDC|T\u00e9l\u00e9com {+}<\/strong><\/span>, chaque client est quelqu\u2019un d\u2019important. Toutes nos \u00e9quipes s\u2019engagent pour le meilleur des services num\u00e9riques.<\/span><\/li>\n<\/ul>\n<hr \/>\n<p id=\"yui_3_16_0_1_1468674793867_18724\" class=\"yiv3574890784MsoNormal\" align=\"center\"><span id=\"yui_3_16_0_1_1468674793867_18723\">Veuillez nous <strong><a href=\"http:\/\/www.vdctelecom.com\/index.php\/contacts\/\" target=\"_blank\">contacter<\/a><\/strong>\u00a0si\u00a0vous avez\u00a0besoin de plus d&rsquo;information<\/span><\/p>\n","protected":false},"excerpt":{"rendered":"<p>Pr\u00e9sentation Sp\u00e9cialiste incontournable , VDC|Telecom {+} est une entreprise de t\u00e9l\u00e9communication nationale qui offre des services d\u2019acc\u00e8s internet haute vitesse, de t\u00e9l\u00e9phonie et de t\u00e9l\u00e9vision \u00e0 des tarifs concurrentiels en R\u00e9publique de Guin\u00e9e depuis 2008. Notre mission premi\u00e8re est de fournir \u00e0 nos clients un acc\u00e8s fiable et de grande \u2026 <a class=\"continue-reading-link\" href=\"https:\/\/www.vdctelecom.com\/index.php\/presentation\/\">Commander le produit <span class=\"meta-nav\">&rarr; <\/span><\/a><\/p>\n","protected":false},"author":1,"featured_media":0,"parent":0,"menu_order":0,"comment_status":"closed","ping_status":"closed","template":"","meta":[],"amp_validity":null,"amp_enabled":true,"_links":{"self":[{"href":"https:\/\/www.vdctelecom.com\/index.php\/wp-json\/wp\/v2\/pages\/31"}],"collection":[{"href":"https:\/\/www.vdctelecom.com\/index.php\/wp-json\/wp\/v2\/pages"}],"about":[{"href":"https:\/\/www.vdctelecom.com\/index.php\/wp-json\/wp\/v2\/types\/page"}],"author":[{"embeddable":true,"href":"https:\/\/www.vdctelecom.com\/index.php\/wp-json\/wp\/v2\/users\/1"}],"replies":[{"embeddable":true,"href":"https:\/\/www.vdctelecom.com\/index.php\/wp-json\/wp\/v2\/comments?post=31"}],"version-history":[{"count":0,"href":"https:\/\/www.vdctelecom.com\/index.php\/wp-json\/wp\/v2\/pages\/31\/revisions"}],"wp:attachment":[{"href":"https:\/\/www.vdctelecom.com\/index.php\/wp-json\/wp\/v2\/media?parent=31"}],"curies":[{"name":"wp","href":"https:\/\/api.w.org\/{rel}","templated":true}]}}