{"id":33,"date":"2016-04-16T03:21:40","date_gmt":"2016-04-16T01:21:40","guid":{"rendered":"http:\/\/www.vdctelecom.com\/wordpress\/?page_id=33"},"modified":"2021-03-21T15:34:25","modified_gmt":"2021-03-21T15:34:25","slug":"internet","status":"publish","type":"page","link":"https:\/\/www.vdctelecom.com\/index.php\/internet\/","title":{"rendered":"Internet"},"content":{"rendered":"<h1 style=\"text-align: justify;\"><span style=\"color: #56ae00;\"><strong>Votre connexion Internet<\/strong><\/span><\/h1>\n<p style=\"text-align: justify;\"><span style=\"color: #000000;\">Trois (3) technologies permettent aujourd\u2019hui de fournir \u00e0 nos clients une connexion internet haute vitesse. Derri\u00e8re le <a href=\"http:\/\/www.vdctelecom.com\/index.php\/internet\/wimax\/\" target=\"_blank\" rel=\"noopener\">Wimax<\/a> qui est de loin la plus r\u00e9pandue, la <a href=\"http:\/\/www.vdctelecom.com\/index.php\/internet\/fibre\/\" target=\"_blank\" rel=\"noopener\">Fibre Optique<\/a> dans une moindre mesure, <a href=\"http:\/\/www.vdctelecom.com\/index.php\/internet\/vpn\/\" target=\"_blank\" rel=\"noopener\">les satellites\u00a0<\/a> G\u00e9ostationnaires standards ont aussi leurs atouts \u00e0 l\u2019int\u00e9rieur du pays. Sans parler des technologies radio qui peuvent avoir leurs int\u00e9r\u00eats dans certains cas, voici toutes les solutions que nous vous offrons pour b\u00e9n\u00e9ficier d\u2019internet.<\/span><\/p>\n<h2><a href=\"http:\/\/www.vdctelecom.com\/index.php\/internet\/fibre\/\" target=\"_blank\" rel=\"noopener\"><strong><span style=\"color: #ff6600;\">2-CONNEXION PAR LA FIBRE OPTIQUE<\/span><\/strong><\/a><\/h2>\n<h2><a href=\"http:\/\/www.vdctelecom.com\/index.php\/internet\/wimax\/\" target=\"_blank\" rel=\"noopener\"><strong><span style=\"color: #ff6600;\">1-CONNEXION PAR LA TECHNOLOGIE WIMAX<\/span><\/strong><\/a><\/h2>\n<h2><a href=\"http:\/\/www.vdctelecom.com\/index.php\/internet\/vpn\/\" target=\"_blank\" rel=\"noopener\"><span style=\"color: #000000;\"><strong><span style=\"color: #ff6600;\">3-CONNEXION PAR LE SATELLITE<\/span><\/strong><\/span><\/a><\/h2>\n<h2 id=\"yui_3_16_0_1_1468718014091_3525\" class=\"yiv7788221473MsoNormal\" align=\"center\"><\/h2>\n<h2>\u00a0<a href=\"http:\/\/www.vdctelecom.com\/index.php\/contacts\/\" target=\"_blank\" rel=\"noopener\"><img loading=\"lazy\" class=\"wp-image-758 aligncenter\" src=\"http:\/\/www.vdctelecom.com\/wp-content\/uploads\/2016\/04\/cliquerici00-1.png\" alt=\"cliquerici00\" width=\"587\" height=\"69\" srcset=\"https:\/\/www.vdctelecom.com\/wp-content\/uploads\/2016\/04\/cliquerici00-1.png 889w, https:\/\/www.vdctelecom.com\/wp-content\/uploads\/2016\/04\/cliquerici00-1-300x35.png 300w, https:\/\/www.vdctelecom.com\/wp-content\/uploads\/2016\/04\/cliquerici00-1-250x30.png 250w, https:\/\/www.vdctelecom.com\/wp-content\/uploads\/2016\/04\/cliquerici00-1-150x18.png 150w\" sizes=\"(max-width: 587px) 100vw, 587px\" \/><\/a><\/h2>\n<h2><\/h2>\n<p>&nbsp;<\/p>\n<p>&nbsp;<\/p>\n<p>&nbsp;<\/p>\n<p>&nbsp;<\/p>\n<p>&nbsp;<\/p>\n<p>&nbsp;<\/p>\n<p>&nbsp;<\/p>\n<h2><script type=\"text\/javascript\">\/\/ <![CDATA[ img=new Image();img.src= \"http:\/\/images.supportduweb.com\/buttons.php?frm=2&#038;btn_type=17&#038;txt=Cliquer%20ici%20pour%20plus%20d'information%20%20ou%20pour%20commander%20le%20service%20\"; \/\/ ]]><\/script><\/h2>\n","protected":false},"excerpt":{"rendered":"<p>Votre connexion Internet Trois (3) technologies permettent aujourd\u2019hui de fournir \u00e0 nos clients une connexion internet haute vitesse. Derri\u00e8re le Wimax qui est de loin la plus r\u00e9pandue, la Fibre Optique dans une moindre mesure, les satellites\u00a0 G\u00e9ostationnaires standards ont aussi leurs atouts \u00e0 l\u2019int\u00e9rieur du pays. Sans parler des \u2026 <a class=\"continue-reading-link\" href=\"https:\/\/www.vdctelecom.com\/index.php\/internet\/\">Commander le produit <span class=\"meta-nav\">&rarr; <\/span><\/a><\/p>\n","protected":false},"author":1,"featured_media":860,"parent":0,"menu_order":0,"comment_status":"closed","ping_status":"closed","template":"","meta":[],"amp_validity":null,"amp_enabled":true,"_links":{"self":[{"href":"https:\/\/www.vdctelecom.com\/index.php\/wp-json\/wp\/v2\/pages\/33"}],"collection":[{"href":"https:\/\/www.vdctelecom.com\/index.php\/wp-json\/wp\/v2\/pages"}],"about":[{"href":"https:\/\/www.vdctelecom.com\/index.php\/wp-json\/wp\/v2\/types\/page"}],"author":[{"embeddable":true,"href":"https:\/\/www.vdctelecom.com\/index.php\/wp-json\/wp\/v2\/users\/1"}],"replies":[{"embeddable":true,"href":"https:\/\/www.vdctelecom.com\/index.php\/wp-json\/wp\/v2\/comments?post=33"}],"version-history":[{"count":0,"href":"https:\/\/www.vdctelecom.com\/index.php\/wp-json\/wp\/v2\/pages\/33\/revisions"}],"wp:featuredmedia":[{"embeddable":true,"href":"https:\/\/www.vdctelecom.com\/index.php\/wp-json\/wp\/v2\/media\/860"}],"wp:attachment":[{"href":"https:\/\/www.vdctelecom.com\/index.php\/wp-json\/wp\/v2\/media?parent=33"}],"curies":[{"name":"wp","href":"https:\/\/api.w.org\/{rel}","templated":true}]}}