{"id":35,"date":"2016-04-16T03:22:23","date_gmt":"2016-04-16T01:22:23","guid":{"rendered":"http:\/\/www.vdctelecom.com\/wordpress\/?page_id=35"},"modified":"2021-03-21T16:02:34","modified_gmt":"2021-03-21T16:02:34","slug":"telephonie-ip","status":"publish","type":"page","link":"https:\/\/www.vdctelecom.com\/index.php\/telephonie-ip\/","title":{"rendered":"T\u00e9l\u00e9phonie IP"},"content":{"rendered":"<h1 class=\"yiv9315432102MsoNormal\" style=\"text-align: justify;\"><strong><span style=\"color: #56ae00;\">Votre service de T\u00e9l\u00e9phonie IP<\/span><\/strong><\/h1>\n<p id=\"yui_3_16_0_ym19_1_1467458489788_13252\" class=\"yiv9315432102MsoNormal\" style=\"text-align: justify;\"><span style=\"color: #000000;\"><img loading=\"lazy\" class=\"size-full wp-image-300 alignright\" src=\"http:\/\/www.vdctelecom.com\/wp-content\/uploads\/2016\/07\/tel-ip.png\" alt=\"tel-ip\" width=\"370\" height=\"260\" srcset=\"https:\/\/www.vdctelecom.com\/wp-content\/uploads\/2016\/07\/tel-ip.png 370w, https:\/\/www.vdctelecom.com\/wp-content\/uploads\/2016\/07\/tel-ip-300x211.png 300w, https:\/\/www.vdctelecom.com\/wp-content\/uploads\/2016\/07\/tel-ip-213x150.png 213w, https:\/\/www.vdctelecom.com\/wp-content\/uploads\/2016\/07\/tel-ip-150x105.png 150w\" sizes=\"(max-width: 370px) 100vw, 370px\" \/>Nous adoptons la technologie de la voix sur IP pour vous fournir un service de t\u00e9l\u00e9phonie abordable et de bonne qualit\u00e9. Un large \u00e9ventail de forfaits t\u00e9l\u00e9phoniques vous permet d&rsquo;appeler votre destination de fa\u00e7on illimit\u00e9e. Vous pouvez profiter des tarifs inf\u00e9rieurs \u00e0 ceux conventionnels.<\/span><\/p>\n<p id=\"yui_3_16_0_ym19_1_1467458489788_13271\" class=\"yiv9315432102MsoNormal\" style=\"text-align: justify;\"><span style=\"color: #000000;\">Notre mat\u00e9riel t\u00e9l\u00e9phonique avanc\u00e9, dot\u00e9 de nombreuses fonctions qui n\u2019existent pas dans le t\u00e9l\u00e9phone conventionnel, vous permet de librement personnaliser votre t\u00e9l\u00e9phone et d\u2019avoir une exp\u00e9rience impeccable.<\/span><\/p>\n<h3 id=\"yui_3_16_0_ym19_1_1467458489788_13275\" class=\"yiv9315432102MsoNormal\" style=\"text-align: justify;\"><span style=\"color: #ff6600;\"><b id=\"yui_3_16_0_ym19_1_1467458489788_13274\"><span id=\"yui_3_16_0_ym19_1_1467458489788_13273\">Service de IP-PABX<\/span><\/b><\/span><\/h3>\n<p id=\"yui_3_16_0_ym19_1_1467458489788_13277\" class=\"yiv9315432102MsoNormal\" style=\"text-align: justify;\"><span style=\"color: #000000;\">de <span style=\"color: #56ae00;\"><strong>VDC|Telecom {+}<\/strong><\/span> \u00a0vous aide \u00e0 facilement mettre en place le service de IP-PABX commercial, ce qui vous donnera acc\u00e8s \u00e0 des fonctionnalit\u00e9s telles que le transfert d\u2019appels dans un bureau \u00e0 distance.<\/span><\/p>\n<p id=\"yui_3_16_0_ym19_1_1467458489788_13279\" class=\"yiv9315432102MsoNormal\" style=\"text-align: justify;\"><span id=\"yui_3_16_0_ym19_1_1467458489788_13284\" style=\"color: #000000;\">Nos Ing\u00e9nieurs sont capables de vous proposer une infrastructure \u00ab\u00a0sur mesure\u00a0\u00bb vraiment adapt\u00e9e \u00e0 vos besoins et au dimensionnement de votre entreprise.<\/span><\/p>\n<p class=\"yiv9315432102MsoNormal\" style=\"text-align: justify;\"><img loading=\"lazy\" class=\"wp-image-473 aligncenter\" src=\"http:\/\/www.vdctelecom.com\/wp-content\/uploads\/2016\/04\/epygi-300x57.gif\" alt=\"epygi\" width=\"431\" height=\"82\" srcset=\"https:\/\/www.vdctelecom.com\/wp-content\/uploads\/2016\/04\/epygi-300x57.gif 300w, https:\/\/www.vdctelecom.com\/wp-content\/uploads\/2016\/04\/epygi-250x47.gif 250w, https:\/\/www.vdctelecom.com\/wp-content\/uploads\/2016\/04\/epygi-150x28.gif 150w, https:\/\/www.vdctelecom.com\/wp-content\/uploads\/2016\/04\/epygi.gif 545w\" sizes=\"(max-width: 431px) 100vw, 431px\" \/><\/p>\n<h3 id=\"yui_3_16_0_ym19_1_1467458489788_13305\" class=\"yiv9315432102MsoNormal\"><span style=\"color: #000000;\">Les <span style=\"color: #ff6600;\"><strong>IP-PABX<\/strong><\/span> c&rsquo;est :<\/span><\/h3>\n<ul>\n<li id=\"yui_3_16_0_ym19_1_1467458489788_13303\" class=\"yiv9315432102MsoListParagraphCxSpFirst\"><span style=\"color: #000000;\">Le meilleur rapport Qualit\u00e9\/Prix en fonction de vos besoins<\/span><\/li>\n<li id=\"yui_3_16_0_ym19_1_1467458489788_13301\" class=\"yiv9315432102MsoListParagraphCxSpMiddle\"><span style=\"color: #000000;\">Une installation rapide et efficace avec des d\u00e9lais parfaitement maitris\u00e9s<\/span><\/li>\n<li id=\"yui_3_16_0_ym19_1_1467458489788_13446\" class=\"yiv9315432102MsoListParagraphCxSpMiddle\"><span style=\"color: #000000;\">Une formation utilisateur incluse dans votre installation<\/span><\/li>\n<li class=\"yiv9315432102MsoListParagraphCxSpMiddle\"><span style=\"color: #000000;\">Une relation privil\u00e9gi\u00e9 avec le constructeur pour une maintenance rapide et efficace<\/span><\/li>\n<\/ul>\n<p id=\"yui_3_16_0_ym19_1_1467458489788_13297\" class=\"yiv9315432102MsoNormal\"><span id=\"yui_3_16_0_ym19_1_1467458489788_13450\" style=\"color: #000000;\">T\u00e9l\u00e9chargez et consultez nos brochures de pr\u00e9sentations et n&rsquo;h\u00e9sitez pas \u00e0 nous comparer \u00e0 la concurrence. Vous allez \u00eatre \u00e9tonn\u00e9 !<\/span><\/p>\n<p class=\"yiv9315432102MsoNormal\"><span style=\"color: #000000;\"><a href=\"http:\/\/www.vdctelecom.com\/wp-content\/uploads\/2016\/04\/epigy.pdf\" target=\"_blank\" rel=\"noopener\"><img loading=\"lazy\" class=\"alignnone size-full wp-image-436\" src=\"http:\/\/www.vdctelecom.com\/wp-content\/uploads\/2016\/04\/image012.png\" alt=\"image012\" width=\"53\" height=\"52\" \/> <span id=\"yui_3_16_0_ym19_1_1467458489788_13294\"><\/span><span id=\"yui_3_16_0_ym19_1_1467458489788_13456\">\u00a0<\/span><span id=\"yui_3_16_0_ym19_1_1467458489788_13452\">(lien fichier en attache)<\/span><\/a><\/span><\/p>\n<p class=\"yiv9315432102MsoNormal\"><span style=\"color: #000000;\"><span id=\"yui_3_16_0_ym19_1_1467458489788_13452\">\u00a0<a href=\"http:\/\/www.vdctelecom.com\/wp-content\/uploads\/2016\/04\/acf2i-quadro-models-fr_1.pdf\" target=\"_blank\" rel=\"noopener\"><img loading=\"lazy\" class=\"alignnone size-full wp-image-436\" src=\"http:\/\/www.vdctelecom.com\/wp-content\/uploads\/2016\/04\/image012.png\" alt=\"image012\" width=\"53\" height=\"52\" \/><\/a><a href=\"http:\/\/www.vdctelecom.com\/wp-content\/uploads\/2016\/04\/acf2i-quadro-models-fr_1.pdf\" target=\"_blank\" rel=\"noopener\">acf2i-quadro-models-fr_1<\/a><\/span><\/span><\/p>\n<h2><a href=\"http:\/\/www.vdctelecom.com\/index.php\/contacts\/\" target=\"_blank\" rel=\"noopener\"><img loading=\"lazy\" class=\"wp-image-758 aligncenter\" src=\"http:\/\/www.vdctelecom.com\/wp-content\/uploads\/2016\/04\/cliquerici00-1.png\" alt=\"cliquerici00\" width=\"587\" height=\"69\" srcset=\"https:\/\/www.vdctelecom.com\/wp-content\/uploads\/2016\/04\/cliquerici00-1.png 889w, https:\/\/www.vdctelecom.com\/wp-content\/uploads\/2016\/04\/cliquerici00-1-300x35.png 300w, https:\/\/www.vdctelecom.com\/wp-content\/uploads\/2016\/04\/cliquerici00-1-250x30.png 250w, https:\/\/www.vdctelecom.com\/wp-content\/uploads\/2016\/04\/cliquerici00-1-150x18.png 150w\" sizes=\"(max-width: 587px) 100vw, 587px\" \/><\/a><\/h2>\n<h2><\/h2>\n<p>&nbsp;<\/p>\n<h2><\/h2>\n","protected":false},"excerpt":{"rendered":"<p>Votre service de T\u00e9l\u00e9phonie IP Nous adoptons la technologie de la voix sur IP pour vous fournir un service de t\u00e9l\u00e9phonie abordable et de bonne qualit\u00e9. Un large \u00e9ventail de forfaits t\u00e9l\u00e9phoniques vous permet d&rsquo;appeler votre destination de fa\u00e7on illimit\u00e9e. Vous pouvez profiter des tarifs inf\u00e9rieurs \u00e0 ceux conventionnels. Notre \u2026 <a class=\"continue-reading-link\" href=\"https:\/\/www.vdctelecom.com\/index.php\/telephonie-ip\/\">Commander le produit <span class=\"meta-nav\">&rarr; <\/span><\/a><\/p>\n","protected":false},"author":1,"featured_media":864,"parent":0,"menu_order":0,"comment_status":"closed","ping_status":"closed","template":"","meta":[],"amp_validity":null,"amp_enabled":true,"_links":{"self":[{"href":"https:\/\/www.vdctelecom.com\/index.php\/wp-json\/wp\/v2\/pages\/35"}],"collection":[{"href":"https:\/\/www.vdctelecom.com\/index.php\/wp-json\/wp\/v2\/pages"}],"about":[{"href":"https:\/\/www.vdctelecom.com\/index.php\/wp-json\/wp\/v2\/types\/page"}],"author":[{"embeddable":true,"href":"https:\/\/www.vdctelecom.com\/index.php\/wp-json\/wp\/v2\/users\/1"}],"replies":[{"embeddable":true,"href":"https:\/\/www.vdctelecom.com\/index.php\/wp-json\/wp\/v2\/comments?post=35"}],"version-history":[{"count":0,"href":"https:\/\/www.vdctelecom.com\/index.php\/wp-json\/wp\/v2\/pages\/35\/revisions"}],"wp:featuredmedia":[{"embeddable":true,"href":"https:\/\/www.vdctelecom.com\/index.php\/wp-json\/wp\/v2\/media\/864"}],"wp:attachment":[{"href":"https:\/\/www.vdctelecom.com\/index.php\/wp-json\/wp\/v2\/media?parent=35"}],"curies":[{"name":"wp","href":"https:\/\/api.w.org\/{rel}","templated":true}]}}