{"id":39,"date":"2016-04-16T03:24:01","date_gmt":"2016-04-16T01:24:01","guid":{"rendered":"http:\/\/www.vdctelecom.com\/wordpress\/?page_id=39"},"modified":"2016-08-16T19:28:24","modified_gmt":"2016-08-16T19:28:24","slug":"soutient","status":"publish","type":"page","link":"https:\/\/www.vdctelecom.com\/index.php\/soutient\/","title":{"rendered":"Soutien"},"content":{"rendered":"<h1><span style=\"color: #56ae00;\"><strong>Soutien technique<\/strong><\/span><\/h1>\n<p>L\u2019Assistance T\u00e9l\u00e9phonique de notre Service Client est disponible 24\/24h &#8211; 7\/7j au 655554451\/52 et par mail sur <a href=\"mailto:support@vdctelecom.com\">support@vdctelecom.com<\/a><\/p>\n<h2><span style=\"color: #ff6600;\"><strong>\u00a0<\/strong><strong>Intervention et Installation<\/strong><\/span><\/h2>\n<p>Du lundi au vendredi\u00a0: de 8h30 \u00e0 16h30 \/\u00a0Samedi\u00a0: de 8h30 \u00e0 midi , hors jours F\u00e9ri\u00e9s<\/p>\n<h1><span style=\"color: #339966;\"><strong><span style=\"color: #56ae00;\">Portail Client<\/span><\/strong><\/span><i id=\"yui_3_16_0_ym19_1_1467653093715_2510\"><span id=\"yui_3_16_0_ym19_1_1467653093715_2509\"><span style=\"color: #ff6600;\"><br \/>\n<a href=\"http:\/\/tools.vdctelecom.com\/\" target=\"_blank\"><img loading=\"lazy\" class=\"size-full wp-image-462 alignleft\" src=\"http:\/\/www.vdctelecom.com\/wp-content\/uploads\/2016\/04\/portail-client.gif\" alt=\"portail client\" width=\"150\" height=\"138\" \/><\/a>Pour poursuivre\u00a0cliquer sur ce <span style=\"color: #56ae00;\"><a style=\"color: #56ae00;\" href=\"http:\/\/tools.vdctelecom.com\/\" target=\"_blank\">lien<\/a><\/span><\/span><\/span><\/i><i><\/i><\/h1>\n<h3 id=\"yui_3_16_0_ym19_1_1467653093715_2490\" class=\"yiv0442020285MsoNormal\" style=\"text-align: justify;\"><span style=\"color: #339966;\"><b id=\"yui_3_16_0_ym19_1_1467653093715_2494\"><span id=\"yui_3_16_0_ym19_1_1467653093715_2493\">Acc\u00e9der \u00e0 votre espace client <span style=\"color: #56ae00;\">VDC|Telecom {+}<\/span> \u00a0<\/span><\/b><\/span><\/h3>\n<p class=\"yiv0442020285MsoNormal\" style=\"text-align: justify;\"><span style=\"color: #000000;\"><i><span style=\"color: #ff0000;\">NB\u00a0: L\u2019acc\u00e8s est restreint en dehors du r\u00e9seau<\/span> <span style=\"color: #56ae00;\"><strong>VDC|Telecom {+}<\/strong><\/span><\/i><\/span><\/p>\n<p><span style=\"color: #ff6600;\"><strong>Faites-nous part de votre satisfaction, d&rsquo;une plainte ou de vos commentaires<\/strong><\/span><\/p>\n<p>&nbsp;<\/p>\n<p>&nbsp;<\/p>\n<p>&nbsp;<\/p>\n<p>&nbsp;<\/p>\n<p>&nbsp;<\/p>\n","protected":false},"excerpt":{"rendered":"<p>Soutien technique L\u2019Assistance T\u00e9l\u00e9phonique de notre Service Client est disponible 24\/24h &#8211; 7\/7j au 655554451\/52 et par mail sur support@vdctelecom.com \u00a0Intervention et Installation Du lundi au vendredi\u00a0: de 8h30 \u00e0 16h30 \/\u00a0Samedi\u00a0: de 8h30 \u00e0 midi , hors jours F\u00e9ri\u00e9s Portail Client Pour poursuivre\u00a0cliquer sur ce lien Acc\u00e9der \u00e0 votre \u2026 <a class=\"continue-reading-link\" href=\"https:\/\/www.vdctelecom.com\/index.php\/soutient\/\">Commander le produit <span class=\"meta-nav\">&rarr; <\/span><\/a><\/p>\n","protected":false},"author":1,"featured_media":0,"parent":0,"menu_order":0,"comment_status":"closed","ping_status":"closed","template":"","meta":[],"amp_validity":null,"amp_enabled":true,"_links":{"self":[{"href":"https:\/\/www.vdctelecom.com\/index.php\/wp-json\/wp\/v2\/pages\/39"}],"collection":[{"href":"https:\/\/www.vdctelecom.com\/index.php\/wp-json\/wp\/v2\/pages"}],"about":[{"href":"https:\/\/www.vdctelecom.com\/index.php\/wp-json\/wp\/v2\/types\/page"}],"author":[{"embeddable":true,"href":"https:\/\/www.vdctelecom.com\/index.php\/wp-json\/wp\/v2\/users\/1"}],"replies":[{"embeddable":true,"href":"https:\/\/www.vdctelecom.com\/index.php\/wp-json\/wp\/v2\/comments?post=39"}],"version-history":[{"count":0,"href":"https:\/\/www.vdctelecom.com\/index.php\/wp-json\/wp\/v2\/pages\/39\/revisions"}],"wp:attachment":[{"href":"https:\/\/www.vdctelecom.com\/index.php\/wp-json\/wp\/v2\/media?parent=39"}],"curies":[{"name":"wp","href":"https:\/\/api.w.org\/{rel}","templated":true}]}}