{"id":44,"date":"2016-04-16T03:27:57","date_gmt":"2016-04-16T01:27:57","guid":{"rendered":"http:\/\/www.vdctelecom.com\/wordpress\/?page_id=44"},"modified":"2016-07-29T13:32:06","modified_gmt":"2016-07-29T13:32:06","slug":"wimax","status":"publish","type":"page","link":"https:\/\/www.vdctelecom.com\/index.php\/internet\/wimax\/","title":{"rendered":"Wimax"},"content":{"rendered":"<h1 class=\"yiv5496568137MsoNormal\" style=\"text-align: justify;\"><strong><span style=\"color: #56ae00;\">Votre connexion Wimax<\/span><\/strong><\/h1>\n<p id=\"yui_3_16_0_ym19_1_1467458489788_2791\" class=\"yiv5496568137MsoNormal\" style=\"text-align: justify;\"><span style=\"color: #ff6600;\"><b id=\"yui_3_16_0_ym19_1_1467458489788_2790\"><span id=\"yui_3_16_0_ym19_1_1467458489788_2789\">Les joies du Haut-D\u00e9bit Wimax \u00e0 la maison ou au bureau<\/span><\/b><\/span><\/p>\n<p id=\"yui_3_16_0_ym19_1_1467458489788_2793\" class=\"yiv5496568137MsoNormal\" style=\"text-align: justify;\"><span style=\"color: #000000;\"><img loading=\"lazy\" class=\" wp-image-482 alignright\" src=\"http:\/\/www.vdctelecom.com\/wp-content\/uploads\/2016\/04\/wimax-300x230.gif\" alt=\"wimax\" width=\"388\" height=\"297\" srcset=\"https:\/\/www.vdctelecom.com\/wp-content\/uploads\/2016\/04\/wimax-300x230.gif 300w, https:\/\/www.vdctelecom.com\/wp-content\/uploads\/2016\/04\/wimax-196x150.gif 196w, https:\/\/www.vdctelecom.com\/wp-content\/uploads\/2016\/04\/wimax-150x115.gif 150w, https:\/\/www.vdctelecom.com\/wp-content\/uploads\/2016\/04\/wimax.gif 567w\" sizes=\"(max-width: 388px) 100vw, 388px\" \/>Surfez de site en site, envoyez des photos, achetez en ligne, consultez vos comptes bancaires, \u00e9coutez de la musique&#8230;<\/span><\/p>\n<p id=\"yui_3_16_0_ym19_1_1467458489788_2798\" class=\"yiv5496568137MsoNormal\" style=\"text-align: justify;\"><span style=\"color: #000000;\">Gr\u00e2ce \u00e0 nos nouveaux acc\u00e8s Internet, vous profitez de la puissance de notre r\u00e9seau hybride qui fusionne la fibre optique, la technologie Wimax\u00a0<\/span><span style=\"color: #000000;\">et la meilleure technologie LAN et <a href=\"http:\/\/www.vdctelecom.com\/index.php\/wi-fi\/\" target=\"_blank\">Wi-Fi<\/a>.<\/span><\/p>\n<p id=\"yui_3_16_0_ym19_1_1467458489788_2802\" class=\"yiv5496568137MsoNormal\" style=\"text-align: justify;\"><span style=\"color: #000000;\">Gr\u00e2ce aux \u00e9quipements Radio WiMax, l&rsquo;Internet en Haut-D\u00e9bit est enfin accessible chez vous.<\/span><\/p>\n<p id=\"yui_3_16_0_ym19_1_1467458489788_2804\" class=\"yiv5496568137MsoNormal\" style=\"text-align: justify;\"><span style=\"color: #000000;\">Selon la technologie disponible et votre \u00e9ligibilit\u00e9, votre mat\u00e9riel de connexion vous apportera un d\u00e9bit jusqu&rsquo;\u00e0 10 M\u00e9ga !<br \/>\n<\/span><\/p>\n<h2><a href=\"http:\/\/www.vdctelecom.com\/index.php\/contacts\/\" target=\"_blank\"><img loading=\"lazy\" class=\"wp-image-758 aligncenter\" src=\"http:\/\/www.vdctelecom.com\/wp-content\/uploads\/2016\/04\/cliquerici00-1.png\" alt=\"cliquerici00\" width=\"587\" height=\"69\" srcset=\"https:\/\/www.vdctelecom.com\/wp-content\/uploads\/2016\/04\/cliquerici00-1.png 889w, https:\/\/www.vdctelecom.com\/wp-content\/uploads\/2016\/04\/cliquerici00-1-300x35.png 300w, https:\/\/www.vdctelecom.com\/wp-content\/uploads\/2016\/04\/cliquerici00-1-250x30.png 250w, https:\/\/www.vdctelecom.com\/wp-content\/uploads\/2016\/04\/cliquerici00-1-150x18.png 150w\" sizes=\"(max-width: 587px) 100vw, 587px\" \/><\/a><\/h2>\n<h2><\/h2>\n<p>&nbsp;<\/p>\n<p>&nbsp;<\/p>\n","protected":false},"excerpt":{"rendered":"<p>Votre connexion Wimax Les joies du Haut-D\u00e9bit Wimax \u00e0 la maison ou au bureau Surfez de site en site, envoyez des photos, achetez en ligne, consultez vos comptes bancaires, \u00e9coutez de la musique&#8230; Gr\u00e2ce \u00e0 nos nouveaux acc\u00e8s Internet, vous profitez de la puissance de notre r\u00e9seau hybride qui fusionne \u2026 <a class=\"continue-reading-link\" href=\"https:\/\/www.vdctelecom.com\/index.php\/internet\/wimax\/\">Commander le produit <span class=\"meta-nav\">&rarr; <\/span><\/a><\/p>\n","protected":false},"author":1,"featured_media":0,"parent":33,"menu_order":0,"comment_status":"closed","ping_status":"closed","template":"","meta":[],"amp_validity":null,"amp_enabled":true,"_links":{"self":[{"href":"https:\/\/www.vdctelecom.com\/index.php\/wp-json\/wp\/v2\/pages\/44"}],"collection":[{"href":"https:\/\/www.vdctelecom.com\/index.php\/wp-json\/wp\/v2\/pages"}],"about":[{"href":"https:\/\/www.vdctelecom.com\/index.php\/wp-json\/wp\/v2\/types\/page"}],"author":[{"embeddable":true,"href":"https:\/\/www.vdctelecom.com\/index.php\/wp-json\/wp\/v2\/users\/1"}],"replies":[{"embeddable":true,"href":"https:\/\/www.vdctelecom.com\/index.php\/wp-json\/wp\/v2\/comments?post=44"}],"version-history":[{"count":0,"href":"https:\/\/www.vdctelecom.com\/index.php\/wp-json\/wp\/v2\/pages\/44\/revisions"}],"up":[{"embeddable":true,"href":"https:\/\/www.vdctelecom.com\/index.php\/wp-json\/wp\/v2\/pages\/33"}],"wp:attachment":[{"href":"https:\/\/www.vdctelecom.com\/index.php\/wp-json\/wp\/v2\/media?parent=44"}],"curies":[{"name":"wp","href":"https:\/\/api.w.org\/{rel}","templated":true}]}}