{"id":47,"date":"2016-04-16T03:30:25","date_gmt":"2016-04-16T01:30:25","guid":{"rendered":"http:\/\/www.vdctelecom.com\/wordpress\/?page_id=47"},"modified":"2016-07-28T18:53:31","modified_gmt":"2016-07-28T18:53:31","slug":"vpn","status":"publish","type":"page","link":"https:\/\/www.vdctelecom.com\/index.php\/internet\/vpn\/","title":{"rendered":"VSAT"},"content":{"rendered":"<h1 style=\"text-align: justify;\"><span style=\"color: #56ae00;\"><strong>Votre connexion par VSAT<\/strong><\/span><\/h1>\n<h3 style=\"text-align: justify;\">Gr\u00e2ce \u00e0 nos solution VSAT et quel que soit l\u00b4emplacement g\u00e9ographique de votre entreprise en Guin\u00e9e, la solution VSAT de <span style=\"color: #56ae00;\">VDC|Telecom {+}<\/span> permet \u00e0 tous les usagers de votre r\u00e9seau local de se connecter d\u00b4une fa\u00e7on continue \u00e0 Internet. vous profitez de la puissance de notre r\u00e9seau satellitaire, et la meilleure technologie LAN et <a href=\"http:\/\/www.vdctelecom.com\/index.php\/wi-fi\/\" target=\"_blank\">Wi-Fi<\/a>.<img loading=\"lazy\" class=\" wp-image-480 aligncenter\" src=\"http:\/\/www.vdctelecom.com\/wp-content\/uploads\/2016\/04\/vsat-300x219.gif\" alt=\"vsat\" width=\"416\" height=\"304\" srcset=\"https:\/\/www.vdctelecom.com\/wp-content\/uploads\/2016\/04\/vsat-300x219.gif 300w, https:\/\/www.vdctelecom.com\/wp-content\/uploads\/2016\/04\/vsat-205x150.gif 205w, https:\/\/www.vdctelecom.com\/wp-content\/uploads\/2016\/04\/vsat-150x110.gif 150w, https:\/\/www.vdctelecom.com\/wp-content\/uploads\/2016\/04\/vsat.gif 510w\" sizes=\"(max-width: 416px) 100vw, 416px\" \/><\/h3>\n<h2 id=\"yui_3_16_0_1_1468718014091_3525\" class=\"yiv7788221473MsoNormal\" align=\"center\"><\/h2>\n<h2>\u00a0<a href=\"http:\/\/www.vdctelecom.com\/index.php\/contacts\/\" target=\"_blank\"><img loading=\"lazy\" class=\"wp-image-758 aligncenter\" src=\"http:\/\/www.vdctelecom.com\/wp-content\/uploads\/2016\/04\/cliquerici00-1.png\" alt=\"cliquerici00\" width=\"587\" height=\"69\" srcset=\"https:\/\/www.vdctelecom.com\/wp-content\/uploads\/2016\/04\/cliquerici00-1.png 889w, https:\/\/www.vdctelecom.com\/wp-content\/uploads\/2016\/04\/cliquerici00-1-300x35.png 300w, https:\/\/www.vdctelecom.com\/wp-content\/uploads\/2016\/04\/cliquerici00-1-250x30.png 250w, https:\/\/www.vdctelecom.com\/wp-content\/uploads\/2016\/04\/cliquerici00-1-150x18.png 150w\" sizes=\"(max-width: 587px) 100vw, 587px\" \/><\/a><\/h2>\n<h2><\/h2>\n<p>&nbsp;<\/p>\n<p>&nbsp;<\/p>\n<p>&nbsp;<\/p>\n<p>&nbsp;<\/p>\n<p>&nbsp;<\/p>\n","protected":false},"excerpt":{"rendered":"<p>Votre connexion par VSAT Gr\u00e2ce \u00e0 nos solution VSAT et quel que soit l\u00b4emplacement g\u00e9ographique de votre entreprise en Guin\u00e9e, la solution VSAT de VDC|Telecom {+} permet \u00e0 tous les usagers de votre r\u00e9seau local de se connecter d\u00b4une fa\u00e7on continue \u00e0 Internet. vous profitez de la puissance de notre \u2026 <a class=\"continue-reading-link\" href=\"https:\/\/www.vdctelecom.com\/index.php\/internet\/vpn\/\">Commander le produit <span class=\"meta-nav\">&rarr; <\/span><\/a><\/p>\n","protected":false},"author":1,"featured_media":0,"parent":33,"menu_order":0,"comment_status":"closed","ping_status":"closed","template":"","meta":[],"amp_validity":null,"amp_enabled":true,"_links":{"self":[{"href":"https:\/\/www.vdctelecom.com\/index.php\/wp-json\/wp\/v2\/pages\/47"}],"collection":[{"href":"https:\/\/www.vdctelecom.com\/index.php\/wp-json\/wp\/v2\/pages"}],"about":[{"href":"https:\/\/www.vdctelecom.com\/index.php\/wp-json\/wp\/v2\/types\/page"}],"author":[{"embeddable":true,"href":"https:\/\/www.vdctelecom.com\/index.php\/wp-json\/wp\/v2\/users\/1"}],"replies":[{"embeddable":true,"href":"https:\/\/www.vdctelecom.com\/index.php\/wp-json\/wp\/v2\/comments?post=47"}],"version-history":[{"count":0,"href":"https:\/\/www.vdctelecom.com\/index.php\/wp-json\/wp\/v2\/pages\/47\/revisions"}],"up":[{"embeddable":true,"href":"https:\/\/www.vdctelecom.com\/index.php\/wp-json\/wp\/v2\/pages\/33"}],"wp:attachment":[{"href":"https:\/\/www.vdctelecom.com\/index.php\/wp-json\/wp\/v2\/media?parent=47"}],"curies":[{"name":"wp","href":"https:\/\/api.w.org\/{rel}","templated":true}]}}