{"id":49,"date":"2016-04-16T03:31:07","date_gmt":"2016-04-16T01:31:07","guid":{"rendered":"http:\/\/www.vdctelecom.com\/wordpress\/?page_id=49"},"modified":"2016-07-28T18:47:34","modified_gmt":"2016-07-28T18:47:34","slug":"fibre","status":"publish","type":"page","link":"https:\/\/www.vdctelecom.com\/index.php\/internet\/fibre\/","title":{"rendered":"Fibre"},"content":{"rendered":"<h1 style=\"text-align: justify;\"><strong><span style=\"color: #56ae00;\">Votre Connexion par Fibre Optique<\/span><\/strong><span style=\"color: #000000;\"><strong><br \/>\n<img loading=\"lazy\" class=\"size-medium wp-image-200 alignright\" src=\"http:\/\/www.vdctelecom.com\/wp-content\/uploads\/2016\/04\/Sans-titre-2-300x121.jpg\" alt=\"Sans titre 2\" width=\"300\" height=\"121\" srcset=\"https:\/\/www.vdctelecom.com\/wp-content\/uploads\/2016\/04\/Sans-titre-2-300x121.jpg 300w, https:\/\/www.vdctelecom.com\/wp-content\/uploads\/2016\/04\/Sans-titre-2-250x101.jpg 250w, https:\/\/www.vdctelecom.com\/wp-content\/uploads\/2016\/04\/Sans-titre-2-150x61.jpg 150w, https:\/\/www.vdctelecom.com\/wp-content\/uploads\/2016\/04\/Sans-titre-2.jpg 492w\" sizes=\"(max-width: 300px) 100vw, 300px\" \/><\/strong><\/span><\/h1>\n<p id=\"yui_3_16_0_ym19_1_1467458489788_2931\" class=\"yiv5496568137MsoNormal\" style=\"text-align: justify;\"><span style=\"color: #ff6600;\"><b id=\"yui_3_16_0_ym19_1_1467458489788_2936\"><span id=\"yui_3_16_0_ym19_1_1467458489788_2935\">L\u2019exp\u00e9rience internet de <span style=\"color: #56ae00;\">VDC|Telecom {+}<\/span>, c\u2019est infiniment mieux<\/span><\/b><\/span><\/p>\n<p id=\"yui_3_16_0_ym19_1_1467458489788_2933\" class=\"yiv5496568137MsoNormal\" style=\"text-align: justify;\">Gr\u00e2ce \u00e0 nos boucles r\u00e9seaux fibre optique et la meilleure technologie FTTH (PTP et PtMP), nouveaux acc\u00e8s Internet ultra rapides, vous profitez de la\u00a0puissance de notre r\u00e9seau de la fibre optique, et la meilleure technologie LAN et <a href=\"http:\/\/www.vdctelecom.com\/index.php\/wi-fi\/\" target=\"_blank\">Wi-Fi<\/a>.<\/p>\n<p id=\"yui_3_16_0_ym19_1_1467458489788_2950\" class=\"yiv5496568137MsoNormal\" style=\"text-align: justify;\">Voil\u00e0 pourquoi l\u2019Internet de <span style=\"color: #56ae00;\"><strong>VDC|Telecom {+}<\/strong><\/span> \u00a0est votre meilleur choix.<\/p>\n<p><img loading=\"lazy\" class=\"size-full wp-image-465 aligncenter\" src=\"http:\/\/www.vdctelecom.com\/wp-content\/uploads\/2016\/07\/architecture.gif\" alt=\"architecture\" width=\"609\" height=\"401\" srcset=\"https:\/\/www.vdctelecom.com\/wp-content\/uploads\/2016\/07\/architecture.gif 609w, https:\/\/www.vdctelecom.com\/wp-content\/uploads\/2016\/07\/architecture-300x198.gif 300w, https:\/\/www.vdctelecom.com\/wp-content\/uploads\/2016\/07\/architecture-228x150.gif 228w, https:\/\/www.vdctelecom.com\/wp-content\/uploads\/2016\/07\/architecture-150x99.gif 150w\" sizes=\"(max-width: 609px) 100vw, 609px\" \/> <img loading=\"lazy\" class=\"size-full wp-image-466 aligncenter\" src=\"http:\/\/www.vdctelecom.com\/wp-content\/uploads\/2016\/07\/point-a-point.gif\" alt=\"point a point\" width=\"609\" height=\"401\" srcset=\"https:\/\/www.vdctelecom.com\/wp-content\/uploads\/2016\/07\/point-a-point.gif 609w, https:\/\/www.vdctelecom.com\/wp-content\/uploads\/2016\/07\/point-a-point-300x198.gif 300w, https:\/\/www.vdctelecom.com\/wp-content\/uploads\/2016\/07\/point-a-point-228x150.gif 228w, https:\/\/www.vdctelecom.com\/wp-content\/uploads\/2016\/07\/point-a-point-150x99.gif 150w\" sizes=\"(max-width: 609px) 100vw, 609px\" \/><\/p>\n<h2><\/h2>\n<h2 id=\"yui_3_16_0_1_1468718014091_3525\" class=\"yiv7788221473MsoNormal\" align=\"center\"><\/h2>\n<h2>\u00a0<a href=\"http:\/\/www.vdctelecom.com\/index.php\/contacts\/\" target=\"_blank\"><img loading=\"lazy\" class=\"wp-image-758 aligncenter\" src=\"http:\/\/www.vdctelecom.com\/wp-content\/uploads\/2016\/04\/cliquerici00-1.png\" alt=\"cliquerici00\" width=\"587\" height=\"69\" srcset=\"https:\/\/www.vdctelecom.com\/wp-content\/uploads\/2016\/04\/cliquerici00-1.png 889w, https:\/\/www.vdctelecom.com\/wp-content\/uploads\/2016\/04\/cliquerici00-1-300x35.png 300w, https:\/\/www.vdctelecom.com\/wp-content\/uploads\/2016\/04\/cliquerici00-1-250x30.png 250w, https:\/\/www.vdctelecom.com\/wp-content\/uploads\/2016\/04\/cliquerici00-1-150x18.png 150w\" sizes=\"(max-width: 587px) 100vw, 587px\" \/><\/a><\/h2>\n<h2><\/h2>\n","protected":false},"excerpt":{"rendered":"<p>Votre Connexion par Fibre Optique L\u2019exp\u00e9rience internet de VDC|Telecom {+}, c\u2019est infiniment mieux Gr\u00e2ce \u00e0 nos boucles r\u00e9seaux fibre optique et la meilleure technologie FTTH (PTP et PtMP), nouveaux acc\u00e8s Internet ultra rapides, vous profitez de la\u00a0puissance de notre r\u00e9seau de la fibre optique, et la meilleure technologie LAN et \u2026 <a class=\"continue-reading-link\" href=\"https:\/\/www.vdctelecom.com\/index.php\/internet\/fibre\/\">Commander le produit <span class=\"meta-nav\">&rarr; <\/span><\/a><\/p>\n","protected":false},"author":1,"featured_media":0,"parent":33,"menu_order":0,"comment_status":"closed","ping_status":"closed","template":"","meta":[],"amp_validity":null,"amp_enabled":true,"_links":{"self":[{"href":"https:\/\/www.vdctelecom.com\/index.php\/wp-json\/wp\/v2\/pages\/49"}],"collection":[{"href":"https:\/\/www.vdctelecom.com\/index.php\/wp-json\/wp\/v2\/pages"}],"about":[{"href":"https:\/\/www.vdctelecom.com\/index.php\/wp-json\/wp\/v2\/types\/page"}],"author":[{"embeddable":true,"href":"https:\/\/www.vdctelecom.com\/index.php\/wp-json\/wp\/v2\/users\/1"}],"replies":[{"embeddable":true,"href":"https:\/\/www.vdctelecom.com\/index.php\/wp-json\/wp\/v2\/comments?post=49"}],"version-history":[{"count":0,"href":"https:\/\/www.vdctelecom.com\/index.php\/wp-json\/wp\/v2\/pages\/49\/revisions"}],"up":[{"embeddable":true,"href":"https:\/\/www.vdctelecom.com\/index.php\/wp-json\/wp\/v2\/pages\/33"}],"wp:attachment":[{"href":"https:\/\/www.vdctelecom.com\/index.php\/wp-json\/wp\/v2\/media?parent=49"}],"curies":[{"name":"wp","href":"https:\/\/api.w.org\/{rel}","templated":true}]}}