{"id":583,"date":"2016-07-17T14:10:28","date_gmt":"2016-07-17T14:10:28","guid":{"rendered":"http:\/\/www.vdctelecom.com\/?page_id=583"},"modified":"2016-07-17T14:13:00","modified_gmt":"2016-07-17T14:13:00","slug":"mikrotik","status":"publish","type":"page","link":"https:\/\/www.vdctelecom.com\/index.php\/mikrotik\/","title":{"rendered":"MikroTik"},"content":{"rendered":"<h1 id=\"yui_3_16_0_1_1468748321477_15647\" class=\"yiv9258217486MsoNormal\"><span style=\"color: #59b002;\"><strong><span id=\"yui_3_16_0_1_1468748321477_15646\">MikroTik<\/span><\/strong><\/span><\/h1>\n<p class=\"yiv9258217486MsoNormal\"><span id=\"yui_3_16_0_1_1468748321477_15646\"><strong><span style=\"color: #59b002;\">VDC|Telecom{+}<\/span><\/strong>, Revendeur Agr\u00e9\u00e9 MikroTik pour la Guin\u00e9e, les solutions innovantes et \u00e9mergentes de Routage, S\u00e9curit\u00e9, services IP et Connectivit\u00e9 sans fil offertes par Mikrotik (Firewall, VPN, MPLS, HotSpot, Routage IP (statique, RIP , OSPF, BGP), Serveurs et Clients (PPP, PPPoE, DHCP, PPTP, Tunnels), Qualit\u00e9 de Service (QoS), Gestion de la Bande passante, Proxy, Supervision R\u00e9seau, Scripts \u2026 ). Les\u00a0 performances, la versatilit\u00e9, la stabilit\u00e9.<\/span><\/p>\n<h2 id=\"yui_3_16_0_1_1468748321477_15674\" class=\"yiv9258217486MsoNormal\"><span style=\"color: #ff6600;\"><b id=\"yui_3_16_0_1_1468748321477_15673\"><span id=\"yui_3_16_0_1_1468748321477_15672\">FONCTIONNALITES :<\/span><\/b><\/span><\/h2>\n<p id=\"yui_3_16_0_1_1468748321477_15651\" class=\"yiv9258217486MsoNormal\"><span id=\"yui_3_16_0_1_1468748321477_15650\"><span id=\"yui_3_16_0_1_1468748321477_15649\">\u00b7<span id=\"yui_3_16_0_1_1468748321477_15648\">\u00a0\u00a0\u00a0\u00a0\u00a0\u00a0 <\/span><\/span><\/span><span id=\"yui_3_16_0_1_1468748321477_15834\">Firewall &amp; NAT<\/span><\/p>\n<p id=\"yui_3_16_0_1_1468748321477_15671\" class=\"yiv9258217486MsoNormal\"><span id=\"yui_3_16_0_1_1468748321477_15670\"><span id=\"yui_3_16_0_1_1468748321477_15669\">\u00b7<span id=\"yui_3_16_0_1_1468748321477_15668\">\u00a0\u00a0\u00a0\u00a0\u00a0\u00a0 <\/span><\/span><\/span><span id=\"yui_3_16_0_1_1468748321477_15833\">Routage Statique, Dynamique (RIP, OSPF, BGP)<\/span><\/p>\n<p id=\"yui_3_16_0_1_1468748321477_15832\" class=\"yiv9258217486MsoNormal\">\u00b7\u00a0\u00a0\u00a0\u00a0\u00a0\u00a0 <span id=\"yui_3_16_0_1_1468748321477_15831\">Equilibrage de charge (load balancing)<\/span><\/p>\n<p id=\"yui_3_16_0_1_1468748321477_15836\" class=\"yiv9258217486MsoNormal\">\u00b7\u00a0\u00a0\u00a0\u00a0\u00a0\u00a0 <span id=\"yui_3_16_0_1_1468748321477_15835\">Gestion Bande passante \/ Prioritisation et Qualit\u00e9 de service<\/span><\/p>\n<p id=\"yui_3_16_0_1_1468748321477_15838\" class=\"yiv9258217486MsoNormal\">\u00b7\u00a0\u00a0\u00a0\u00a0\u00a0\u00a0 <span id=\"yui_3_16_0_1_1468748321477_15837\">Hotspot (portail captif avec authentification)<\/span><\/p>\n<p id=\"yui_3_16_0_1_1468748321477_15839\" class=\"yiv9258217486MsoNormal\">\u00b7\u00a0\u00a0\u00a0\u00a0\u00a0\u00a0 <span id=\"yui_3_16_0_1_1468748321477_15840\">VoIP (T\u00e9l\u00e9phonie IP)<\/span><\/p>\n<p id=\"yui_3_16_0_1_1468748321477_15841\" class=\"yiv9258217486MsoNormal\">\u00b7\u00a0\u00a0\u00a0\u00a0\u00a0\u00a0 <span id=\"yui_3_16_0_1_1468748321477_15842\">Protocoles Point-\u00e0-Point (PPTP, PPPoE, L2TP, EoIP, avec authentification\u00a0PAP\/CHAP\/MSCHAP)<\/span><\/p>\n<p id=\"yui_3_16_0_1_1468748321477_15844\" class=\"yiv9258217486MsoNormal\">\u00b7\u00a0\u00a0\u00a0\u00a0\u00a0\u00a0 <span id=\"yui_3_16_0_1_1468748321477_15843\">IPSec (Encryption et s\u00e9curit\u00e9 des informations)<\/span><\/p>\n<p id=\"yui_3_16_0_1_1468748321477_15845\" class=\"yiv9258217486MsoNormal\"><span lang=\"EN-CA\">\u00b7\u00a0\u00a0\u00a0\u00a0\u00a0\u00a0 <\/span><span id=\"yui_3_16_0_1_1468748321477_15846\" lang=\"EN-CA\">Proxy WEB, DHCP server &amp; Client, VRRP, UPnP, NTP, Monitoring\/Accounting, MRTG, SNMP, M3P, MNDP)<\/span><\/p>\n<p id=\"yui_3_16_0_1_1468748321477_15847\" class=\"yiv9258217486MsoNormal\">\u00b7\u00a0\u00a0\u00a0\u00a0\u00a0\u00a0 <span id=\"yui_3_16_0_1_1468748321477_15848\">MPLS<\/span><\/p>\n<p id=\"yui_3_16_0_1_1468748321477_15849\" class=\"yiv9258217486MsoNormal\">\u00b7\u00a0\u00a0\u00a0\u00a0\u00a0\u00a0 <span id=\"yui_3_16_0_1_1468748321477_15850\">Connectivit\u00e9 de niveau 2 : Interfaces WIRELESS, AP\/Client\/WDS\/MESH, Bridge, VLAN, Interfaces Syncrones &amp; Asynchrones.<\/span><\/p>\n<p class=\"yiv9258217486MsoNormal\"><span id=\"yui_3_16_0_1_1468748321477_15850\"><a href=\"http:\/\/routerboard.com\" target=\"_blank\"><img loading=\"lazy\" class=\"size-full wp-image-578 alignleft\" src=\"http:\/\/www.vdctelecom.com\/wp-content\/uploads\/2016\/04\/image009.png\" alt=\"image009\" width=\"321\" height=\"270\" srcset=\"https:\/\/www.vdctelecom.com\/wp-content\/uploads\/2016\/04\/image009.png 321w, https:\/\/www.vdctelecom.com\/wp-content\/uploads\/2016\/04\/image009-300x252.png 300w, https:\/\/www.vdctelecom.com\/wp-content\/uploads\/2016\/04\/image009-178x150.png 178w, https:\/\/www.vdctelecom.com\/wp-content\/uploads\/2016\/04\/image009-150x126.png 150w\" sizes=\"(max-width: 321px) 100vw, 321px\" \/><\/a><\/span><\/p>\n","protected":false},"excerpt":{"rendered":"<p>MikroTik VDC|Telecom{+}, Revendeur Agr\u00e9\u00e9 MikroTik pour la Guin\u00e9e, les solutions innovantes et \u00e9mergentes de Routage, S\u00e9curit\u00e9, services IP et Connectivit\u00e9 sans fil offertes par Mikrotik (Firewall, VPN, MPLS, HotSpot, Routage IP (statique, RIP , OSPF, BGP), Serveurs et Clients (PPP, PPPoE, DHCP, PPTP, Tunnels), Qualit\u00e9 de Service (QoS), Gestion de \u2026 <a class=\"continue-reading-link\" href=\"https:\/\/www.vdctelecom.com\/index.php\/mikrotik\/\">Commander le produit <span class=\"meta-nav\">&rarr; <\/span><\/a><\/p>\n","protected":false},"author":1,"featured_media":0,"parent":0,"menu_order":0,"comment_status":"closed","ping_status":"closed","template":"","meta":[],"amp_validity":null,"amp_enabled":true,"_links":{"self":[{"href":"https:\/\/www.vdctelecom.com\/index.php\/wp-json\/wp\/v2\/pages\/583"}],"collection":[{"href":"https:\/\/www.vdctelecom.com\/index.php\/wp-json\/wp\/v2\/pages"}],"about":[{"href":"https:\/\/www.vdctelecom.com\/index.php\/wp-json\/wp\/v2\/types\/page"}],"author":[{"embeddable":true,"href":"https:\/\/www.vdctelecom.com\/index.php\/wp-json\/wp\/v2\/users\/1"}],"replies":[{"embeddable":true,"href":"https:\/\/www.vdctelecom.com\/index.php\/wp-json\/wp\/v2\/comments?post=583"}],"version-history":[{"count":0,"href":"https:\/\/www.vdctelecom.com\/index.php\/wp-json\/wp\/v2\/pages\/583\/revisions"}],"wp:attachment":[{"href":"https:\/\/www.vdctelecom.com\/index.php\/wp-json\/wp\/v2\/media?parent=583"}],"curies":[{"name":"wp","href":"https:\/\/api.w.org\/{rel}","templated":true}]}}