{"id":873,"date":"2021-03-22T09:05:02","date_gmt":"2021-03-22T09:05:02","guid":{"rendered":"https:\/\/www.vdctelecom.com\/?page_id=873"},"modified":"2022-09-08T12:49:22","modified_gmt":"2022-09-08T12:49:22","slug":"accueil","status":"publish","type":"page","link":"https:\/\/www.vdctelecom.com\/","title":{"rendered":"Accueil"},"content":{"rendered":"<p><iframe loading=\"lazy\" title=\"VDC T\u00e9l\u00e9com - Les solutions avanc\u00e9es sur IP\" width=\"800\" height=\"450\" src=\"https:\/\/www.youtube.com\/embed\/m7_NDvwIhjk?feature=oembed\" frameborder=\"0\" allow=\"accelerometer; autoplay; clipboard-write; encrypted-media; gyroscope; picture-in-picture\" allowfullscreen><\/iframe><\/p>\n","protected":false},"excerpt":{"rendered":"","protected":false},"author":1,"featured_media":0,"parent":0,"menu_order":0,"comment_status":"closed","ping_status":"closed","template":"","meta":[],"amp_validity":null,"amp_enabled":false,"_links":{"self":[{"href":"https:\/\/www.vdctelecom.com\/index.php\/wp-json\/wp\/v2\/pages\/873"}],"collection":[{"href":"https:\/\/www.vdctelecom.com\/index.php\/wp-json\/wp\/v2\/pages"}],"about":[{"href":"https:\/\/www.vdctelecom.com\/index.php\/wp-json\/wp\/v2\/types\/page"}],"author":[{"embeddable":true,"href":"https:\/\/www.vdctelecom.com\/index.php\/wp-json\/wp\/v2\/users\/1"}],"replies":[{"embeddable":true,"href":"https:\/\/www.vdctelecom.com\/index.php\/wp-json\/wp\/v2\/comments?post=873"}],"version-history":[{"count":0,"href":"https:\/\/www.vdctelecom.com\/index.php\/wp-json\/wp\/v2\/pages\/873\/revisions"}],"wp:attachment":[{"href":"https:\/\/www.vdctelecom.com\/index.php\/wp-json\/wp\/v2\/media?parent=873"}],"curies":[{"name":"wp","href":"https:\/\/api.w.org\/{rel}","templated":true}]}}